{"id":16,"date":"2016-07-11T15:50:27","date_gmt":"2016-07-11T06:50:27","guid":{"rendered":"http:\/\/ich.hotsync.co.jp\/de\/?page_id=16"},"modified":"2025-06-16T22:49:22","modified_gmt":"2025-06-16T13:49:22","slug":"startseite","status":"publish","type":"page","link":"https:\/\/www.ichconsult.de\/de\/","title":{"rendered":"STARTSEITE"},"content":{"rendered":"\t\t<div data-elementor-type=\"wp-page\" data-elementor-id=\"16\" class=\"elementor elementor-16\">\n\t\t\t\t\t\t<section class=\"elementor-section elementor-top-section elementor-element elementor-element-f33afdc elementor-section-boxed elementor-section-height-default elementor-section-height-default wpr-particle-no wpr-jarallax-no wpr-parallax-no wpr-sticky-section-no\" data-id=\"f33afdc\" data-element_type=\"section\">\n\t\t\t\t\t\t<div class=\"elementor-container elementor-column-gap-default\">\n\t\t\t\t\t<div class=\"elementor-column elementor-col-100 elementor-top-column elementor-element elementor-element-6a77d919\" data-id=\"6a77d919\" data-element_type=\"column\">\n\t\t\t<div class=\"elementor-widget-wrap elementor-element-populated\">\n\t\t\t\t\t\t<div class=\"elementor-element elementor-element-31df9579 elementor-widget elementor-widget-text-editor\" data-id=\"31df9579\" data-element_type=\"widget\" data-widget_type=\"text-editor.default\">\n\t\t\t\t<div class=\"elementor-widget-container\">\n\t\t\t\t\t\t\t<p><a name=\"documentContent\"><\/a><\/p>\n<div>\n<div class=\"visualClear\"><!-- --><\/div>\n<table width=\"100%\" cellspacing=\"0\" cellpadding=\"0\" align=\"center\">\n<tbody>\n<tr>\n<td valign=\"top\" width=\"33%\">\n<div class=\"viewlet defaultPortletWrapper consulting-2\" style=\"margin: 0 3px 4px 0px\">\n<dl class=\"portlet\">\n<dt class=\"portletHeader\">\u00a0 \u00a0 \u00a0 \u00a0 \u00a0 \u00a0 \u00a0 \u00a0 Unternehmensberatung<\/dt>\n<dd class=\"portletItem\">\n<div class=\"plain\">\n<p><img decoding=\"async\" src=\"\/wp-content\/themes\/ich-responsive\/assets\/img\/consulting.jpg\" alt=\"\" width=\"215\" height=\"70\" \/> Wir sprechen Ihre Sprache und stellen sicher, dass Ihrer Unternehmung langfristiger und nachhaltiger Erfolg beschieden ist.<\/p>\n<p align=\"right\"><a class=\"internal-link\" title=\"Leistungen\" href=\"\/de\/leistungen\/#unternehmensberatung\"><strong>more &gt;&gt;<\/strong><\/a><\/p>\n<\/div>\n<\/dd>\n<\/dl>\n<\/div>\n<\/td>\n<td valign=\"top\" width=\"33%\">\n<div class=\"viewlet defaultPortletWrapper trading-2\" style=\"margin: 0 3px 4px 3px\">\n<dl class=\"portlet\">\n<dt class=\"portletHeader\">\u00a0 \u00a0 \u00a0 \u00a0 \u00a0 \u00a0 \u00a0 \u00a0 \u00a0 \u00a0 \u00a0 \u00a0 \u00a0 \u00a0 \u00a0 \u00a0 Handel<\/dt>\n<dd class=\"portletItem\">\n<div class=\"plain\">\n<p><img decoding=\"async\" src=\"\/wp-content\/themes\/ich-responsive\/assets\/img\/trading.jpg\" alt=\"\" width=\"215\" height=\"70\" \/>\u00a0Wir besch\u00e4ftigen uns kontinuierlich mit der Entwicklung der japanischen Wirtschaft.<\/p>\n<p align=\"right\"><a class=\"internal-link\" title=\"Leistungen\" href=\"\/de\/leistungen\/#handeln\"><strong>more &gt;&gt;<\/strong> <\/a><\/p>\n<\/div>\n<\/dd>\n<\/dl>\n<\/div>\n<\/td>\n<td valign=\"top\" width=\"33%\">\n<div class=\"viewlet defaultPortletWrapper translation-2\" style=\"margin: 0 0px 4px 3px\">\n<dl class=\"portlet\">\n<dt class=\"portletHeader\">\u00a0 \u00a0 \u00a0 \u00a0 \u00a0 \u00a0 \u00a0 \u00a0 \u00a0 \u00a0 \u00a0 \u00a0 \u00a0 \u00dcbersetzungen<\/dt>\n<dd class=\"portletItem\">\n<div class=\"plain\">\n<p><img decoding=\"async\" src=\"\/wp-content\/themes\/ich-responsive\/assets\/img\/transtation.jpg\" alt=\"\" width=\"215\" height=\"70\" \/> Nutzen Sie unsere Erfahrung im \u00dcbersetzen von Gesetzestexten, Infobrosch\u00fcren, Bedienungsanleitungen und Werbetexten \u00a0f\u00fcr Ihre Zwecke.<\/p>\n<p align=\"right\"><a class=\"internal-link\" title=\"Leistungen\" href=\"\/de\/leistungen\/#technische-bersetzungen\"><strong>more &gt;&gt;<\/strong> <\/a><\/p>\n<\/div>\n<\/dd>\n<\/dl>\n<\/div>\n<\/td>\n<\/tr>\n<\/tbody>\n<\/table>\n<\/div>\t\t\t\t\t\t<\/div>\n\t\t\t\t<\/div>\n\t\t\t\t\t<\/div>\n\t\t<\/div>\n\t\t\t\t\t<\/div>\n\t\t<\/section>\n\t\t\t\t<section class=\"elementor-section elementor-top-section elementor-element elementor-element-3855f7570 elementor-section-boxed elementor-section-height-default elementor-section-height-default wpr-particle-no wpr-jarallax-no wpr-parallax-no wpr-sticky-section-no\" data-id=\"3855f7570\" data-element_type=\"section\">\n\t\t\t\t\t\t<div class=\"elementor-container elementor-column-gap-default\">\n\t\t\t\t\t<div class=\"elementor-column elementor-col-100 elementor-top-column elementor-element elementor-element-28f052ed\" data-id=\"28f052ed\" data-element_type=\"column\">\n\t\t\t<div class=\"elementor-widget-wrap elementor-element-populated\">\n\t\t\t\t\t\t<div class=\"elementor-element elementor-element-e7ed10c wpr-grid-columns-1 wpr-grid-columns--tablet1 wpr-grid-columns--mobile1 wpr-grid-pagination-center wpr-item-styles-inner elementor-widget elementor-widget-wpr-grid\" data-id=\"e7ed10c\" data-element_type=\"widget\" data-widget_type=\"wpr-grid.default\">\n\t\t\t\t<div class=\"elementor-widget-container\">\n\t\t\t<ul class=\"wpr-grid-filters elementor-clearfix wpr-grid-filters-sep-right\"><li class=\" wpr-pointer-none wpr-pointer-line-fx wpr-pointer-fx-none\"><span data-filter=\"*\" class=\"wpr-active-filter \">All<\/span><em class=\"wpr-grid-filters-sep\"><\/em><\/li><li class=\" wpr-pointer-none wpr-pointer-line-fx wpr-pointer-fx-none\"><span  data-filter=\".category-whats-new\">Aktuelles<\/span><em class=\"wpr-grid-filters-sep\"><\/em><\/li><\/ul><section class=\"wpr-grid elementor-clearfix\" data-settings=\"{&quot;layout&quot;:&quot;list&quot;,&quot;stick_last_element_to_bottom&quot;:&quot;no&quot;,&quot;columns_desktop&quot;:1,&quot;gutter_hr&quot;:15,&quot;gutter_hr_mobile&quot;:15,&quot;gutter_hr_mobile_extra&quot;:15,&quot;gutter_hr_tablet&quot;:15,&quot;gutter_hr_tablet_extra&quot;:15,&quot;gutter_hr_laptop&quot;:15,&quot;gutter_hr_widescreen&quot;:15,&quot;gutter_vr&quot;:50,&quot;gutter_vr_mobile&quot;:50,&quot;gutter_vr_mobile_extra&quot;:50,&quot;gutter_vr_tablet&quot;:50,&quot;gutter_vr_tablet_extra&quot;:50,&quot;gutter_vr_laptop&quot;:50,&quot;gutter_vr_widescreen&quot;:50,&quot;animation&quot;:&quot;default&quot;,&quot;animation_duration&quot;:0.3,&quot;animation_delay&quot;:0.1,&quot;deeplinking&quot;:&quot;&quot;,&quot;filters_linkable&quot;:&quot;no&quot;,&quot;filters_default_filter&quot;:&quot;&quot;,&quot;filters_count&quot;:&quot;&quot;,&quot;filters_hide_empty&quot;:&quot;yes&quot;,&quot;filters_animation&quot;:&quot;default&quot;,&quot;filters_animation_duration&quot;:0.3,&quot;filters_animation_delay&quot;:0.1,&quot;pagination_type&quot;:&quot;numbered&quot;,&quot;pagination_max_pages&quot;:42,&quot;media_align&quot;:&quot;left&quot;,&quot;media_width&quot;:25,&quot;media_distance&quot;:20,&quot;lightbox&quot;:{&quot;selector&quot;:&quot;.wpr-grid-image-wrap&quot;,&quot;iframeMaxWidth&quot;:&quot;60%&quot;,&quot;hash&quot;:false,&quot;autoplay&quot;:&quot;true&quot;,&quot;pause&quot;:5000,&quot;progressBar&quot;:&quot;true&quot;,&quot;counter&quot;:&quot;true&quot;,&quot;controls&quot;:&quot;true&quot;,&quot;getCaptionFromTitleOrAlt&quot;:&quot;true&quot;,&quot;thumbnail&quot;:&quot;&quot;,&quot;showThumbByDefault&quot;:&quot;&quot;,&quot;share&quot;:&quot;&quot;,&quot;zoom&quot;:&quot;true&quot;,&quot;fullScreen&quot;:&quot;true&quot;,&quot;download&quot;:&quot;true&quot;}}\"><article class=\"wpr-grid-item elementor-clearfix post-2595 post type-post status-publish format-standard hentry category-whats-new\"><div class=\"wpr-grid-item-inner\"><div class=\"wpr-grid-item-below-content elementor-clearfix\"><h2 class=\"wpr-grid-item-title elementor-repeater-item-2d29edf wpr-grid-item-display-block wpr-grid-item-align-left wpr-pointer-none wpr-pointer-line-fx wpr-pointer-fx-fade\"><div class=\"inner-block\"><a target=\"_self\"  href=\"https:\/\/www.ichconsult.de\/de\/whats-new\/2022\/11\/08\/2595\">Saitama auf der MEDICA und COMPAMED 2022<\/a><\/div><\/h2><div class=\"wpr-grid-item-date elementor-repeater-item-589fcd9 wpr-grid-item-display-block wpr-grid-item-align-left\"><div class=\"inner-block\"><span>2022\u5e7411\u67088\u65e5<\/span><\/div><\/div><div class=\"wpr-grid-item-excerpt elementor-repeater-item-0025724 wpr-grid-item-display-block wpr-grid-item-align-left\"><div class=\"inner-block\"><p>Wie bereits in den Jahren zuvor wird die Saitama City Foundation for Business Creation mit einer Auswahl an Unternehmen aus der Region Saitama an der Compamed und Medica in D\u00fcsseldorf teilnehmen. Aus der japanischen Pr\u00e4fektur Saitama werden dieses Jahr neun Unternehmen teilnehmen und ihre Technologien pr\u00e4sentieren. Einige darunter haben in den Vorjahren bereits erfolgreich an der Compamed\/Medica in D\u00fcsseldorf bzw. der\u00a0 MedTechLive in N\u00fcrnberg teilgenommen. Als traditioneller Standort&hellip;<\/p><\/div><\/div><div class=\"wpr-grid-item-read-more elementor-repeater-item-716d6c5 wpr-grid-item-display-block wpr-grid-item-align-left\"><div class=\"inner-block\"><a target=\"_self\" href=\"https:\/\/www.ichconsult.de\/de\/whats-new\/2022\/11\/08\/2595\" class=\"wpr-button-effect wpr-button-none\"><span>Read More<\/span><\/a><\/div><\/div><\/div><\/div><\/article><article class=\"wpr-grid-item elementor-clearfix post-2583 post type-post status-publish format-standard hentry category-whats-new\"><div class=\"wpr-grid-item-inner\"><div class=\"wpr-grid-item-below-content elementor-clearfix\"><h2 class=\"wpr-grid-item-title elementor-repeater-item-2d29edf wpr-grid-item-display-block wpr-grid-item-align-left wpr-pointer-none wpr-pointer-line-fx wpr-pointer-fx-fade\"><div class=\"inner-block\"><a target=\"_self\"  href=\"https:\/\/www.ichconsult.de\/de\/whats-new\/2022\/11\/08\/2583\">Actment Co., Ltd. auf der Compamed 2022 in D\u00fcsseldorf<\/a><\/div><\/h2><div class=\"wpr-grid-item-date elementor-repeater-item-589fcd9 wpr-grid-item-display-block wpr-grid-item-align-left\"><div class=\"inner-block\"><span>2022\u5e7411\u67088\u65e5<\/span><\/div><\/div><div class=\"wpr-grid-item-excerpt elementor-repeater-item-0025724 wpr-grid-item-display-block wpr-grid-item-align-left\"><div class=\"inner-block\"><p>Seinen Anfang nahm das Unternehmen Actment 1960 als Hersteller von Federn und entwickelte\u00a0 sich in den n\u00e4chsten Jahrzehnten durch Erweiterung seiner Technologie- und Produktpalette zu einer hochinnovativen Firma im Medizintechniksektor. In den 90er Jahren kamen neben der Kunststoffverarbeitung u.a. die Pr\u00e4zisionsbearbeitung von Formged\u00e4chtnislegierungen als Kernkompetenz des Unternehmens hinzu. verschiedene Spiralfedern verschiedene Blattfedern Nitinol Laser Cutting Derzeit wird etwa die H\u00e4lfte des Firmenumsatzes mit medizintechnischen Erzeugnissen erwirtschaftet. Neben Kathetern,&hellip;<\/p><\/div><\/div><div class=\"wpr-grid-item-read-more elementor-repeater-item-716d6c5 wpr-grid-item-display-block wpr-grid-item-align-left\"><div class=\"inner-block\"><a target=\"_self\" href=\"https:\/\/www.ichconsult.de\/de\/whats-new\/2022\/11\/08\/2583\" class=\"wpr-button-effect wpr-button-none\"><span>Read More<\/span><\/a><\/div><\/div><\/div><\/div><\/article><article class=\"wpr-grid-item elementor-clearfix post-2565 post type-post status-publish format-standard hentry category-whats-new\"><div class=\"wpr-grid-item-inner\"><div class=\"wpr-grid-item-below-content elementor-clearfix\"><h2 class=\"wpr-grid-item-title elementor-repeater-item-2d29edf wpr-grid-item-display-block wpr-grid-item-align-left wpr-pointer-none wpr-pointer-line-fx wpr-pointer-fx-fade\"><div class=\"inner-block\"><a target=\"_self\"  href=\"https:\/\/www.ichconsult.de\/de\/whats-new\/2022\/11\/08\/2565\">Technical Arts Co., Ltd. auf der COMPAMED 2022 in D\u00fcsseldorf<\/a><\/div><\/h2><div class=\"wpr-grid-item-date elementor-repeater-item-589fcd9 wpr-grid-item-display-block wpr-grid-item-align-left\"><div class=\"inner-block\"><span>2022\u5e7411\u67088\u65e5<\/span><\/div><\/div><div class=\"wpr-grid-item-excerpt elementor-repeater-item-0025724 wpr-grid-item-display-block wpr-grid-item-align-left\"><div class=\"inner-block\"><p>Technical Arts blickt auf eine \u00fcber 50j\u00e4hrige Erfahrung mit der Produktion von Lochstanzen und Formmessern f\u00fcr Papier und Kartonagen zur\u00fcck und ist auf dem Gebiet der Marktf\u00fchrer in Japan. Seit 2010 widmet sich Technical Arts auch medizinischen Produkten und brachte im gleichen Jahr erfolgreich seine Reihe spezieller Nadeln f\u00fcr Biopsien und Drainagen auf den Markt, deren Sch\u00e4rfequalit\u00e4t von den Kunden der Firma hoch gesch\u00e4tzt ist. Lochstanzen mit runden&hellip;<\/p><\/div><\/div><div class=\"wpr-grid-item-read-more elementor-repeater-item-716d6c5 wpr-grid-item-display-block wpr-grid-item-align-left\"><div class=\"inner-block\"><a target=\"_self\" href=\"https:\/\/www.ichconsult.de\/de\/whats-new\/2022\/11\/08\/2565\" class=\"wpr-button-effect wpr-button-none\"><span>Read More<\/span><\/a><\/div><\/div><\/div><\/div><\/article><\/section><div class=\"wpr-grid-pagination elementor-clearfix wpr-grid-pagination-numbered\"><div class=\"wpr-grid-pagi-left-arrows\"><span class=\"wpr-prev-page wpr-disabled-arrow\"><i class=\"fas fa-angle-double-left\"><\/i><span>Prev<\/span><\/span><\/div><span class=\"wpr-grid-current-page\">1<\/span><a href=\"https:\/\/www.ichconsult.de\/de\/wp-json\/wp\/v2\/pages\/16\/page\/2\">2<\/a><a href=\"https:\/\/www.ichconsult.de\/de\/wp-json\/wp\/v2\/pages\/16\/page\/3\">3<\/a><div class=\"wpr-grid-pagi-right-arrows\"><a href=\"https:\/\/www.ichconsult.de\/de\/wp-json\/wp\/v2\/pages\/16\/page\/2\" class=\"wpr-next-page\"><span>Next<\/span><i class=\"fas fa-angle-double-right\"><\/i><\/a><\/div><\/div>\t\t<\/div>\n\t\t\t\t<\/div>\n\t\t\t\t\t<\/div>\n\t\t<\/div>\n\t\t\t\t\t<\/div>\n\t\t<\/section>\n\t\t\t\t<\/div>\n\t\t","protected":false},"excerpt":{"rendered":"<p>\u00a0 \u00a0 \u00a0 \u00a0 \u00a0 \u00a0 \u00a0 \u00a0 Unternehmensberatung Wir sprechen Ihre Sprache und stellen sicher, dass Ihrer Unternehmung langfristiger und nachhaltiger Erfolg beschieden ist. more &gt;&gt; \u00a0 \u00a0 \u00a0 \u00a0 \u00a0 \u00a0 \u00a0 \u00a0 \u00a0 \u00a0 \u00a0 \u00a0 \u00a0 \u00a0 \u00a0 \u00a0 Handel \u00a0Wir besch\u00e4ftigen uns kontinuierlich mit der Entwicklung der japanischen Wirtschaft. more &gt;&gt; \u00a0 \u00a0 \u00a0 \u00a0 \u00a0 \u00a0 \u00a0 \u00a0 \u00a0 \u00a0 \u00a0 \u00a0 \u00a0 \u00dcbersetzungen Nutzen Sie unsere Erfahrung im \u00dcbersetzen von Gesetzestexten, Infobrosch\u00fcren, Bedienungsanleitungen und Werbetexten \u00a0f\u00fcr Ihre Zwecke. more &gt;&gt; All Aktuelles Saitama auf der MEDICA und COMPAMED 2022 2022\u5e7411\u67088\u65e5 Wie bereits in den Jahren zuvor wird die Saitama City Foundation for Business Creation mit einer Auswahl an Unternehmen aus der Region Saitama an der Compamed und Medica in D\u00fcsseldorf teilnehmen. Aus der japanischen Pr\u00e4fektur Saitama werden dieses Jahr neun Unternehmen teilnehmen und ihre Technologien pr\u00e4sentieren. Einige darunter haben in den Vorjahren bereits erfolgreich an der Compamed\/Medica in D\u00fcsseldorf bzw. der\u00a0 MedTechLive in N\u00fcrnberg teilgenommen. Als traditioneller Standort&hellip; Read More Actment Co., Ltd. auf der Compamed 2022 in D\u00fcsseldorf 2022\u5e7411\u67088\u65e5 Seinen Anfang nahm das Unternehmen Actment 1960 als Hersteller von Federn und entwickelte\u00a0 sich in den n\u00e4chsten Jahrzehnten durch Erweiterung seiner Technologie- und Produktpalette zu einer hochinnovativen Firma im Medizintechniksektor. In den 90er Jahren kamen neben der Kunststoffverarbeitung u.a. die Pr\u00e4zisionsbearbeitung von Formged\u00e4chtnislegierungen als Kernkompetenz des Unternehmens hinzu. verschiedene Spiralfedern verschiedene Blattfedern Nitinol Laser Cutting Derzeit wird etwa die H\u00e4lfte des Firmenumsatzes mit medizintechnischen Erzeugnissen erwirtschaftet. Neben Kathetern,&hellip; Read More Technical Arts Co., Ltd. auf der COMPAMED 2022 in D\u00fcsseldorf 2022\u5e7411\u67088\u65e5 Technical Arts blickt auf eine \u00fcber 50j\u00e4hrige Erfahrung mit der Produktion von Lochstanzen und Formmessern f\u00fcr Papier und Kartonagen zur\u00fcck und ist auf dem Gebiet der Marktf\u00fchrer in Japan. Seit 2010 widmet sich Technical Arts auch medizinischen Produkten und brachte im gleichen Jahr erfolgreich seine Reihe spezieller Nadeln f\u00fcr Biopsien und Drainagen auf den Markt, deren Sch\u00e4rfequalit\u00e4t von den Kunden der Firma hoch gesch\u00e4tzt ist. Lochstanzen mit runden&hellip; Read More Prev123Next<\/p>\n","protected":false},"author":1,"featured_media":0,"parent":0,"menu_order":0,"comment_status":"closed","ping_status":"closed","template":"","meta":{"_acf_changed":false,"footnotes":""},"class_list":["post-16","page","type-page","status-publish","hentry"],"acf":[],"_links":{"self":[{"href":"https:\/\/www.ichconsult.de\/de\/wp-json\/wp\/v2\/pages\/16"}],"collection":[{"href":"https:\/\/www.ichconsult.de\/de\/wp-json\/wp\/v2\/pages"}],"about":[{"href":"https:\/\/www.ichconsult.de\/de\/wp-json\/wp\/v2\/types\/page"}],"author":[{"embeddable":true,"href":"https:\/\/www.ichconsult.de\/de\/wp-json\/wp\/v2\/users\/1"}],"replies":[{"embeddable":true,"href":"https:\/\/www.ichconsult.de\/de\/wp-json\/wp\/v2\/comments?post=16"}],"version-history":[{"count":17,"href":"https:\/\/www.ichconsult.de\/de\/wp-json\/wp\/v2\/pages\/16\/revisions"}],"predecessor-version":[{"id":2806,"href":"https:\/\/www.ichconsult.de\/de\/wp-json\/wp\/v2\/pages\/16\/revisions\/2806"}],"wp:attachment":[{"href":"https:\/\/www.ichconsult.de\/de\/wp-json\/wp\/v2\/media?parent=16"}],"curies":[{"name":"wp","href":"https:\/\/api.w.org\/{rel}","templated":true}]}}