{"id":18,"date":"2016-07-11T15:52:07","date_gmt":"2016-07-11T06:52:07","guid":{"rendered":"http:\/\/ich.hotsync.co.jp\/de\/?page_id=18"},"modified":"2019-05-08T09:35:52","modified_gmt":"2019-05-08T00:35:52","slug":"leistungen","status":"publish","type":"page","link":"https:\/\/www.ichconsult.de\/de\/leistungen","title":{"rendered":"Leistungen"},"content":{"rendered":"<h2><a name=\"unternehmensberatung\"><\/a><a title=\"Unternehmensberatung\" href=\"#unternehmensberatung\">Unternehmensberatung<\/a><\/h2>\n<p class=\"callout\">\u00a0Sie planen den Sprung nach Japan?<\/p>\n<p>Wir sprechen Ihre Sprache und stellen sicher, dass Ihrer Unternehmung langfristiger und nachhaltiger Erfolg beschieden ist. Unser Team wird Ihnen eine detaillierte Strategie f\u00fcr Ihren Markteintritt ausarbeiten, daf\u00fcr sorgen, dass Sie als Vorlauf Ihr Produkt auf Fachmessen vorstellen k\u00f6nnen, Kontakte zu Vertriebspartnern und Institutionen kn\u00fcpfen, Ihre Mitarbeiter f\u00fcr das Japangesch\u00e4ft schulen und Sie selbstverst\u00e4ndlich vor Ort begleiten. Vor allem im Kontakt mit Beh\u00f6rden ist ein ortskundiger Partner unerl\u00e4sslich und spart Kosten und Zeit.<\/p>\n<p><a class=\"internal-link\" title=\"Mt_Fuji\" href=\"\/wp-content\/uploads\/2016\/07\/Mt_Fuji.jpg\"><img fetchpriority=\"high\" decoding=\"async\" class=\"image-inline\" src=\"\/wp-content\/uploads\/2016\/07\/Mt_Fuji_jpg_image_preview.jpg\" alt=\"Mt_Fuji\" width=\"400\" height=\"266\" \/><\/a><\/p>\n<h3>\n<p> Markt- und Regulierungsrecherchen<\/h3>\n<p class=\"callout\">Sie interessieren sich f\u00fcr die rechtliche und\/oder wirtschaftliche Struktur eines bestimmten Sektors?<\/p>\n<p>Wir besch\u00e4ftigen uns kontinuierlich mit der Entwicklung der japanischen Wirtschaft und den Ver\u00e4nderungen in Unternehmens- und Marktregulierung. Auf Anfrage recherchieren und analysieren wir die f\u00fcr Sie ausschlaggebenden Bereiche und stellen Ihnen die Ergebnisse in einem detaillierten Report zur Verf\u00fcgung. Im Jahr 2005 haben wir f\u00fcr institutionelle und private Auftraggeber vor allem die Entwicklungen in den Bereichen Technologie und Innovation, Energie und Umwelt, Transport und produzierende Industrie verfolgt und analysiert.<\/p>\n<p>&nbsp;<\/p>\n<h3>Delegationsbegleitung durch Muttersprachler<\/h3>\n<p>Wir bieten Ihnen ma\u00dfgeschneiderte L\u00f6sungen f\u00fcr alle organisatorischen, strategischen und praktischen Aspekte Ihrer Reise an. Wir organisieren Kontakt zu und Termine mit Gespr\u00e4chspartnern, die wir anhand Ihrer Vorstellungen f\u00fcr Sie ausw\u00e4hlen. Unser Servicepaket umfasst: Routen- und Terminplanung, Hotel- und Flugbuchungen, Visa und Anreise, Kontaktaufnahme und Terminvereinbarung, Reservierung von Konferenzr\u00e4umen und pers\u00f6nliche Betreuung durch einen erfahrenen Dolmetscher.<\/p>\n<h2>Gesch\u00e4ftsanbahnung w\u00e4hrend der Messe in Japan<\/h2>\n<p class=\"callout\">Sie m\u00f6chten Ihren Messeauftritt in Japan so effektiv wie m\u00f6glich gestalten?<\/p>\n<p>F\u00fcr europ\u00e4ische Firmen ist Japan als hoch entwickelter Wirtschaftsstandort besonders attraktiv. Das gilt vor allem f\u00fcr die Bereiche Umwelttechnologie, Robotik, Informations- und Kommunikationstechnologie, Automobilzulieferung, Bio- und Nanotechnologie, medizinische Versorgung und Lifestyle. Einige wichtige Messestandorte wie die Tokyo Big Sight und die Makuhari Messe im Gro\u00dfraum Tokio sowie die Intex Osaka bieten deutschen Unternehmen die passende Auftrittsm\u00f6glichkeit.<\/p>\n<p> Wir bieten Ihnen <a class=\"internal-link\" title=\"Gesch\u00e4ftsanbahnung w\u00e4hrend der Messe in Japan\" href=\"\/de\/leistungen\/geschaftsanbahnung-wahrend-der-messe-in-japan\">Unterst\u00fctzung vor, w\u00e4hrend und nach Ihrem Messeauftritt in Japan.<\/a><\/p>\n<p>\n <a class=\"internal-link\" title=\"Messen_in_Japan\" href=\"\/wp-content\/uploads\/2016\/07\/INCHEM2007.jpg\"><img decoding=\"async\" class=\"image-inline image-inline\" src=\"\/wp-content\/uploads\/2016\/07\/INCHEM2007_jpg_image_preview.jpg\" alt=\"Messe_Inchem_2007\" \/><\/a><\/p>\n<p>\u00a0Links:<a class=\"internal-link\" title=\"Messen in Japan\" href=\"\/de\/whats-new\/messen-in-japan\"> Messen in Japan<\/a>, <a class=\"internal-link\" title=\"Gesch\u00e4ftsanbahnung w\u00e4hrend der Messe in Japan\" href=\"\/de\/leistungen\/geschaftsanbahnung-wahrend-der-messe-in-japan\">Messeunterst\u00fctzung in Japan<\/p>\n<p> <\/a><\/p>\n<h2><a name=\"handeln\"><\/a><a title=\"Handeln\" href=\"#handeln\">Handeln<\/a><\/h2>\n<p class=\"callout\">\u00a0Sie sind am Im- oder Export eines bestimmten Produktes interessiert?<\/p>\n<p>Gerne treten wir als Mittler auf und \u00fcbernehmen die Organisation von Einfuhr und Ausfuhr, in \u00dcbereinstimmung mit den zutreffenden Sicherheits- und Verbrauchervorschriften (inklusive Erstellung von Bedienungsanleitungen) sowie die Organisation eines Vertriebsnetzwerkes. Auf Wunsch k\u00f6nnen wir Ihr Produkt auch \u00fcber unsere Firma direkt auf dem japanischen Markt vertreiben.<\/p>\n<p>&nbsp;<\/p>\n<h3>Aufbau von Netzwerken und Gesch\u00e4ftskontakten<\/h3>\n<p class=\"callout\">Sie m\u00f6chten Wissensnetzwerke oder Gesch\u00e4ftskontakte in Japan aufbauen?<\/p>\n<p>Wir verf\u00fcgen \u00fcber das notwendige Know-how, um Sie mit den f\u00fcr Sie optimalen Partnern in Kontakt zu bringen und \u00fcber exzellente Kontakte zu Politik und Wirtschaft in Japan. Gerne leiten wir Kooperationen oder den Aufbau eines Gesch\u00e4ftsnetzwerks f\u00fcr Sie in die Wege.<\/p>\n<p><a class=\"internal-link\" title=\"Osaka Business Support Desk\" href=\"\/en\/services\/osaka-business-support-desk-1\"><img decoding=\"async\" class=\"image-inline\" src=\"\/wp-content\/uploads\/2016\/07\/osaka-business-support-desk_takumi_image_icon.png\" alt=\"Takumi\" \/><\/a>\u00a0 <a class=\"internal-link\" title=\"Osaka Business Support Desk\" href=\"\/en\/services\/osaka-business-support-desk-1\">Link zur Webseite &#8221; OSAKA Core Manufacturing Technology Network&#8221; <\/a><\/p>\n<p>&nbsp;<\/p>\n<h2><a name=\"technische-bersetzungen\"><\/a><a title=\"Technische \u00dcbersetzungen\" href=\"#technische-bersetzungen\">Technische \u00dcbersetzungen<\/a><\/h2>\n<p>Nutzen Sie <a class=\"internal-link\" title=\"\u6280\u8853\u7528\u8a9e\u96c6\" href=\"\/technical-terms\">unsere Erfahrung<\/a> im \u00dcbersetzen von Gesetzestexten, Infobrosch\u00fcren, Bedienungsanleitungen und Werbetexten\u00a0 f\u00fcr Ihre Zwecke. Wir sprechen Ihre Sprache und die Ihres Ziellandes und sorgen daf\u00fcr, dass Sie Ihre Kommunikationszielsetzung erreichen.<\/p>\n<p>&nbsp;<\/p>\n<p><a class=\"internal-link\" title=\"\u6280\u8853\u7528\u8a9e\u96c6(Technische Vokabelliste)\" href=\"\/technical-terms\">Unsere Vokabelliste<\/a><\/p>\n","protected":false},"excerpt":{"rendered":"<p>Unternehmensberatung \u00a0Sie planen den Sprung nach Japan? Wir sprechen Ihre Sprache und stellen sicher, dass Ihrer Unternehmung langfristiger und nachhaltiger Erfolg beschieden ist. Unser Team wird Ihnen eine detaillierte Strategie f\u00fcr Ihren Markteintritt ausarbeiten, daf\u00fcr sorgen, dass Sie als Vorlauf Ihr Produkt auf Fachmessen vorstellen k\u00f6nnen, Kontakte zu Vertriebspartnern und Institutionen kn\u00fcpfen, Ihre Mitarbeiter f\u00fcr das Japangesch\u00e4ft schulen und Sie selbstverst\u00e4ndlich vor Ort begleiten. Vor allem im Kontakt mit Beh\u00f6rden ist ein ortskundiger Partner unerl\u00e4sslich und spart Kosten und Zeit. Markt- und Regulierungsrecherchen Sie interessieren sich f\u00fcr die rechtliche und\/oder wirtschaftliche Struktur eines bestimmten Sektors? Wir besch\u00e4ftigen uns kontinuierlich mit der Entwicklung der japanischen Wirtschaft und den Ver\u00e4nderungen in Unternehmens- und Marktregulierung. Auf Anfrage recherchieren und analysieren wir die f\u00fcr Sie ausschlaggebenden Bereiche und stellen Ihnen die Ergebnisse in einem detaillierten Report zur Verf\u00fcgung. Im Jahr 2005 haben wir f\u00fcr institutionelle und private Auftraggeber vor allem die Entwicklungen in den Bereichen Technologie und Innovation, Energie und Umwelt, Transport und produzierende Industrie verfolgt und analysiert. &nbsp; Delegationsbegleitung durch Muttersprachler Wir bieten Ihnen ma\u00dfgeschneiderte L\u00f6sungen f\u00fcr alle organisatorischen, strategischen und praktischen Aspekte Ihrer Reise an. Wir organisieren Kontakt zu und Termine mit Gespr\u00e4chspartnern, die wir anhand Ihrer Vorstellungen f\u00fcr Sie ausw\u00e4hlen. Unser Servicepaket umfasst: Routen- und Terminplanung, Hotel- und Flugbuchungen, Visa und Anreise, Kontaktaufnahme und Terminvereinbarung, Reservierung von Konferenzr\u00e4umen und pers\u00f6nliche Betreuung durch einen erfahrenen Dolmetscher. Gesch\u00e4ftsanbahnung w\u00e4hrend der Messe in Japan Sie m\u00f6chten Ihren Messeauftritt in Japan so effektiv wie m\u00f6glich gestalten? F\u00fcr europ\u00e4ische Firmen ist Japan als hoch entwickelter Wirtschaftsstandort besonders attraktiv. Das gilt vor allem f\u00fcr die Bereiche Umwelttechnologie, Robotik, Informations- und Kommunikationstechnologie, Automobilzulieferung, Bio- und Nanotechnologie, medizinische Versorgung und Lifestyle. Einige wichtige Messestandorte wie die Tokyo Big Sight und die Makuhari Messe im Gro\u00dfraum Tokio sowie die Intex Osaka bieten deutschen Unternehmen die passende Auftrittsm\u00f6glichkeit. Wir bieten Ihnen Unterst\u00fctzung vor, w\u00e4hrend und nach Ihrem Messeauftritt in Japan. \u00a0Links: Messen in Japan, Messeunterst\u00fctzung in Japan Handeln \u00a0Sie sind am Im- oder Export eines bestimmten Produktes interessiert? Gerne treten wir als Mittler auf und \u00fcbernehmen die Organisation von Einfuhr und Ausfuhr, in \u00dcbereinstimmung mit den zutreffenden Sicherheits- und Verbrauchervorschriften (inklusive Erstellung von Bedienungsanleitungen) sowie die Organisation eines Vertriebsnetzwerkes. Auf Wunsch k\u00f6nnen wir Ihr Produkt auch \u00fcber unsere Firma direkt auf dem japanischen Markt vertreiben. &nbsp; Aufbau von Netzwerken und Gesch\u00e4ftskontakten Sie m\u00f6chten Wissensnetzwerke oder Gesch\u00e4ftskontakte in Japan aufbauen? Wir verf\u00fcgen \u00fcber das notwendige Know-how, um Sie mit den f\u00fcr Sie optimalen Partnern in Kontakt zu bringen und \u00fcber exzellente Kontakte zu Politik und Wirtschaft in Japan. Gerne leiten wir Kooperationen oder den Aufbau eines Gesch\u00e4ftsnetzwerks f\u00fcr Sie in die Wege. \u00a0 Link zur Webseite &#8221; OSAKA Core Manufacturing Technology Network&#8221; &nbsp; Technische \u00dcbersetzungen Nutzen Sie unsere Erfahrung im \u00dcbersetzen von Gesetzestexten, Infobrosch\u00fcren, Bedienungsanleitungen und Werbetexten\u00a0 f\u00fcr Ihre Zwecke. Wir sprechen Ihre Sprache und die Ihres Ziellandes und sorgen daf\u00fcr, dass Sie Ihre Kommunikationszielsetzung erreichen. &nbsp; Unsere Vokabelliste<\/p>\n","protected":false},"author":1,"featured_media":0,"parent":0,"menu_order":0,"comment_status":"closed","ping_status":"closed","template":"","meta":{"_acf_changed":false,"footnotes":""},"class_list":["post-18","page","type-page","status-publish","hentry"],"acf":[],"_links":{"self":[{"href":"https:\/\/www.ichconsult.de\/de\/wp-json\/wp\/v2\/pages\/18"}],"collection":[{"href":"https:\/\/www.ichconsult.de\/de\/wp-json\/wp\/v2\/pages"}],"about":[{"href":"https:\/\/www.ichconsult.de\/de\/wp-json\/wp\/v2\/types\/page"}],"author":[{"embeddable":true,"href":"https:\/\/www.ichconsult.de\/de\/wp-json\/wp\/v2\/users\/1"}],"replies":[{"embeddable":true,"href":"https:\/\/www.ichconsult.de\/de\/wp-json\/wp\/v2\/comments?post=18"}],"version-history":[{"count":10,"href":"https:\/\/www.ichconsult.de\/de\/wp-json\/wp\/v2\/pages\/18\/revisions"}],"predecessor-version":[{"id":1087,"href":"https:\/\/www.ichconsult.de\/de\/wp-json\/wp\/v2\/pages\/18\/revisions\/1087"}],"wp:attachment":[{"href":"https:\/\/www.ichconsult.de\/de\/wp-json\/wp\/v2\/media?parent=18"}],"curies":[{"name":"wp","href":"https:\/\/api.w.org\/{rel}","templated":true}]}}