{"id":30,"date":"2016-07-12T17:23:11","date_gmt":"2016-07-12T08:23:11","guid":{"rendered":"http:\/\/ich.hotsync.co.jp\/de\/?page_id=30"},"modified":"2025-06-18T16:36:20","modified_gmt":"2025-06-18T07:36:20","slug":"uber-uns","status":"publish","type":"page","link":"https:\/\/www.ichconsult.de\/de\/uber-uns","title":{"rendered":"\u00dcber uns"},"content":{"rendered":"\t\t<div data-elementor-type=\"wp-page\" data-elementor-id=\"30\" class=\"elementor elementor-30\">\n\t\t\t\t\t\t<section class=\"elementor-section elementor-top-section elementor-element elementor-element-796abfb8 elementor-section-boxed elementor-section-height-default elementor-section-height-default wpr-particle-no wpr-jarallax-no wpr-parallax-no wpr-sticky-section-no\" data-id=\"796abfb8\" data-element_type=\"section\">\n\t\t\t\t\t\t<div class=\"elementor-container elementor-column-gap-default\">\n\t\t\t\t\t<div class=\"elementor-column elementor-col-100 elementor-top-column elementor-element elementor-element-5ad97793\" data-id=\"5ad97793\" data-element_type=\"column\">\n\t\t\t<div class=\"elementor-widget-wrap elementor-element-populated\">\n\t\t\t\t\t\t<div class=\"elementor-element elementor-element-1e484fbf elementor-widget elementor-widget-text-editor\" data-id=\"1e484fbf\" data-element_type=\"widget\" data-widget_type=\"text-editor.default\">\n\t\t\t\t<div class=\"elementor-widget-container\">\n\t\t\t\t\t\t\t<p>Unternehmensdynamik und fortschreitende Innovation bedingen den unternehmerischen Erfolg in der heutigen globalen \u00d6konomie. Perfekte Kommunikation, effizientes Wissensmanagement und kulturelles Know-How des Zielmarktes sind unabh\u00e4ngig von Unternehmensgr\u00f6\u00dfe oder Marktsegment kritische Faktoren f\u00fcr ihre Business-Strategie.<\/p>\n<p><strong> ICH Industrieanlagen Consulting &amp; Handel GmbH<\/strong> wirkt seit 1991 erfolgreich als Schnittstelle in der Zusammenarbeit zwischen Japan, Deutschland und Europa. Mit Hauptsitz in Berlin beraten und unterst\u00fctzen wir japanische und deutsche Unternehmen bei ihren Aktivit\u00e4ten auf den jeweiligen M\u00e4rkten. Au\u00dferdem organisieren wir Kooperationen zwischen deutschen und japanischen Ministerien und Forschungsinstituten und fuhren in deren Auftrag umfassende Recherche- und Analyset\u00e4tigkeiten des wirtschaftlichen und politischen Umfelds in Asien und Europa durch.<\/p>\n<p>Seit der Gr\u00fcndung der ICH Japan Inc. betreuen wir seit 2006 unsere Kunden auch in Japan. Die ICH Japan Inc. hat ihren Hauptsitz in Tokio.<\/p>\n<p>Als deutsch-japanisches Unternehmen verf\u00fcgen wir \u00fcber umfangreiche Kenntnisse der japanischen und deutschen Wirtschaftsstrukturen und der rechtlichen Situation ausl\u00e4ndischer Unternehmen auf diesen M\u00e4rkten. Profitieren auch Sie von unserer Erfahrung und unseren Netzwerken. Wir bieten Ihnen individuell zugeschnittene Dienstleistungen, um Ihren Markteintritt erfolgreich zu gestalten, Ihre Pr\u00e4senz vor Ort und Ihre Kontakte zu optimieren und Ihr Wissen zu vertiefen.<\/p>\n<p>Betreut werden Sie von einem erfahrenen Team japanischer und deutsch-europ\u00e4ischer Herkunft, das aus Experten in den Bereichen Wirtschaft, Technologie, Public Relations, Marktregulierung und Recht besteht.<\/p>\n<p>&nbsp;<a class=\"internal-link\" title=\"Firmenstruktur_De\" href=\"\/wp-content\/uploads\/2016\/07\/Firmenstruktur_De_png_image_large.png\"><img fetchpriority=\"high\" decoding=\"async\" class=\"image-inline image-inline\" src=\"\/de\/wp-content\/uploads\/sites\/3\/2018\/02\/Structure_and_services2dt.jpg\" alt=\"Firmenstruktur_De\" width=\"621\" height=\"438\"><\/a><\/p>\n<br>\n<table class=\"plain\">\n<tbody>\n<tr>\n<td>&nbsp; <img decoding=\"async\" class=\"image-inline\" src=\"\/wp-content\/themes\/ich\/img\/pdf-7528-icon.png\" alt=\"\u30d5\u30a9\u30fc\u30e0\"><\/td>\n<td><a class=\"internal-link\" title=\"Auszug_aus_EWF_Newsletter.pdf\" href=\"\/wp-content\/uploads\/2016\/06\/auszug_aus_ewf_newsletter.pdf\">&nbsp;Auszug_aus_EWF_Newsletter.pdf<\/a><\/td>\n<\/tr>\n<\/tbody>\n<\/table>\n<table class=\"plain\">\n<tbody>\n<tr>\n<td>&nbsp; <img decoding=\"async\" class=\"image-inline\" src=\"\/wp-content\/themes\/ich\/img\/pdf-7528-icon.png\" alt=\"\u30d5\u30a9\u30fc\u30e0\" width=\"18\" height=\"17\">&nbsp;<\/td>\n<td><a class=\"internal-link\" title=\"Messeunterstutzung\" href=\"\/wp-content\/uploads\/2016\/06\/messeunterstutzung_in_japan.pdf\">Messeunterstutzung in Japan<br><\/a><\/td>\n<\/tr>\n<\/tbody>\n<\/table>\n<p>Links:&nbsp; <a class=\"external-link\" href=\"\/de\/whats-new\/messen-in-japan\">Messen in Japan<\/a>, <a class=\"external-link\" href=\"http:\/\/wfs.sachsen.de\/de\/Meldung\/Neue_B2B-Plattform_fuer_deutsche_Unternehmen_und_Firmen_aus_Osaka___Japan\/171831.html?referer=139713\">Meldung von Wirtschaftsforderung Sachsen GmbH<br><\/a><\/p>\t\t\t\t\t\t<\/div>\n\t\t\t\t<\/div>\n\t\t\t\t\t<\/div>\n\t\t<\/div>\n\t\t\t\t\t<\/div>\n\t\t<\/section>\n\t\t\t\t<section class=\"elementor-section elementor-top-section elementor-element elementor-element-8104f1a elementor-section-boxed elementor-section-height-default elementor-section-height-default wpr-particle-no wpr-jarallax-no wpr-parallax-no wpr-sticky-section-no\" data-id=\"8104f1a\" data-element_type=\"section\">\n\t\t\t\t\t\t<div class=\"elementor-container elementor-column-gap-default\">\n\t\t\t\t\t<div class=\"elementor-column elementor-col-100 elementor-top-column elementor-element elementor-element-832028c\" data-id=\"832028c\" data-element_type=\"column\">\n\t\t\t<div class=\"elementor-widget-wrap elementor-element-populated\">\n\t\t\t\t\t\t<div class=\"elementor-element elementor-element-4901af7 elementor-widget elementor-widget-heading\" data-id=\"4901af7\" data-element_type=\"widget\" data-widget_type=\"heading.default\">\n\t\t\t\t<div class=\"elementor-widget-container\">\n\t\t\t<h2 class=\"elementor-heading-title elementor-size-default\">Geben Sie hier Ihre \u00dcberschrift ein<\/h2>\t\t<\/div>\n\t\t\t\t<\/div>\n\t\t\t\t\t<\/div>\n\t\t<\/div>\n\t\t\t\t\t<\/div>\n\t\t<\/section>\n\t\t\t\t<\/div>\n\t\t","protected":false},"excerpt":{"rendered":"<p>Unternehmensdynamik und fortschreitende Innovation bedingen den unternehmerischen Erfolg in der heutigen globalen \u00d6konomie. Perfekte Kommunikation, effizientes Wissensmanagement und kulturelles Know-How des Zielmarktes sind unabh\u00e4ngig von Unternehmensgr\u00f6\u00dfe oder Marktsegment kritische Faktoren f\u00fcr ihre Business-Strategie. ICH Industrieanlagen Consulting &amp; Handel GmbH wirkt seit 1991 erfolgreich als Schnittstelle in der Zusammenarbeit zwischen Japan, Deutschland und Europa. Mit Hauptsitz in Berlin beraten und unterst\u00fctzen wir japanische und deutsche Unternehmen bei ihren Aktivit\u00e4ten auf den jeweiligen M\u00e4rkten. Au\u00dferdem organisieren wir Kooperationen zwischen deutschen und japanischen Ministerien und Forschungsinstituten und fuhren in deren Auftrag umfassende Recherche- und Analyset\u00e4tigkeiten des wirtschaftlichen und politischen Umfelds in Asien und Europa durch. Seit der Gr\u00fcndung der ICH Japan Inc. betreuen wir seit 2006 unsere Kunden auch in Japan. Die ICH Japan Inc. hat ihren Hauptsitz in Tokio. Als deutsch-japanisches Unternehmen verf\u00fcgen wir \u00fcber umfangreiche Kenntnisse der japanischen und deutschen Wirtschaftsstrukturen und der rechtlichen Situation ausl\u00e4ndischer Unternehmen auf diesen M\u00e4rkten. Profitieren auch Sie von unserer Erfahrung und unseren Netzwerken. Wir bieten Ihnen individuell zugeschnittene Dienstleistungen, um Ihren Markteintritt erfolgreich zu gestalten, Ihre Pr\u00e4senz vor Ort und Ihre Kontakte zu optimieren und Ihr Wissen zu vertiefen. Betreut werden Sie von einem erfahrenen Team japanischer und deutsch-europ\u00e4ischer Herkunft, das aus Experten in den Bereichen Wirtschaft, Technologie, Public Relations, Marktregulierung und Recht besteht. &nbsp; &nbsp; &nbsp;Auszug_aus_EWF_Newsletter.pdf &nbsp; &nbsp; Messeunterstutzung in Japan Links:&nbsp; Messen in Japan, Meldung von Wirtschaftsforderung Sachsen GmbH Geben Sie hier Ihre \u00dcberschrift ein<\/p>\n","protected":false},"author":2,"featured_media":0,"parent":0,"menu_order":10,"comment_status":"closed","ping_status":"closed","template":"","meta":{"_acf_changed":false,"footnotes":""},"class_list":["post-30","page","type-page","status-publish","hentry"],"acf":[],"_links":{"self":[{"href":"https:\/\/www.ichconsult.de\/de\/wp-json\/wp\/v2\/pages\/30"}],"collection":[{"href":"https:\/\/www.ichconsult.de\/de\/wp-json\/wp\/v2\/pages"}],"about":[{"href":"https:\/\/www.ichconsult.de\/de\/wp-json\/wp\/v2\/types\/page"}],"author":[{"embeddable":true,"href":"https:\/\/www.ichconsult.de\/de\/wp-json\/wp\/v2\/users\/2"}],"replies":[{"embeddable":true,"href":"https:\/\/www.ichconsult.de\/de\/wp-json\/wp\/v2\/comments?post=30"}],"version-history":[{"count":18,"href":"https:\/\/www.ichconsult.de\/de\/wp-json\/wp\/v2\/pages\/30\/revisions"}],"predecessor-version":[{"id":2804,"href":"https:\/\/www.ichconsult.de\/de\/wp-json\/wp\/v2\/pages\/30\/revisions\/2804"}],"wp:attachment":[{"href":"https:\/\/www.ichconsult.de\/de\/wp-json\/wp\/v2\/media?parent=30"}],"curies":[{"name":"wp","href":"https:\/\/api.w.org\/{rel}","templated":true}]}}