{"id":38,"date":"2016-07-12T16:52:32","date_gmt":"2016-07-12T07:52:32","guid":{"rendered":"http:\/\/ich.hotsync.co.jp\/de\/?page_id=38"},"modified":"2016-07-20T17:47:00","modified_gmt":"2016-07-20T08:47:00","slug":"geschaftsanbahnung-wahrend-der-messe-in-japan","status":"publish","type":"page","link":"https:\/\/www.ichconsult.de\/de\/leistungen\/geschaftsanbahnung-wahrend-der-messe-in-japan","title":{"rendered":"Gesch\u00e4ftsanbahnung w\u00e4hrend der Messe in Japan"},"content":{"rendered":"<\/p>\n<h2>Japan als Wirtschaftsstandort<\/h2>\n<p>F\u00fcr europ\u00e4ische Firmen ist Japan als hoch entwickelter<br \/>\nWirtschaftsstandort besonders attraktiv. Das gilt vor allem f\u00fcr die<br \/>\nBereiche Umwelttechnologie, Robotik, Informations- und<br \/>\nKommunikationstechnologie, Automobilzulieferung, Bio- und<br \/>\nNanotechnologie, medizinische Versorgung und Lifestyle. Einige wichtige<br \/>\nMessestandorte wie die<a class=\"external-link\" href=\"http:\/\/www.bigsight.jp\/english\/\">Tokyo Big Sight<\/a> und die <a class=\"external-link\" href=\"http:\/\/www.m-messe.co.jp\/index_e.html\">Makuhari Messe<\/a> im<br \/>\nGro\u00dfraum Tokio sowie die <a class=\"external-link\" href=\"http:\/\/www.intex-osaka.com\/en\/index.php\">Intex Osaka<\/a> bieten deutschen Unternehmen die<br \/>\npassende Auftrittsm\u00f6glichkeit. <\/p>\n<h2>Wir stellen Kontakt her<br \/><\/h2>\n<p>Im Vorfeld der Messe machen wir Ihren Vorstellungen entsprechend potentielle Kunden ausfindig, um Gespr\u00e4che w\u00e4hrend der Messen anzubahnen und diese effektiv auszugestalten.<\/p>\n<h3>Ablauf der Gesch\u00e4ftsanbahnung<br \/><\/h3>\n<ol>\n<li><a title=\"Firmenprofil_Beispiel\" class=\"internal-link\" href=\"\/wp-content\/uploads\/2016\/06\/de_leistungen_firmenprofil_beispiel.pdf\">Zusammenstellung potentieller japanischer Gesch\u00e4ftspartner <\/a><\/li>\n<li>Ausarbeiten der gegenseitigen Interessenlage<\/li>\n<li>Terminabsprache mit den japanischen Unternehmen f\u00fcr Messegespr\u00e4che<\/li>\n<li>Hilfestellung am Messestand, Dolmetschen der Gespr\u00e4che<\/li>\n<li>Nachbreitung des Messenbesuches<\/li>\n<\/ol>\n<p><a title=\"Messe_2007\" class=\"internal-link\" href=\"\/wp-content\/uploads\/2016\/07\/messe_2007.jpg\"><img decoding=\"async\" class=\"image-inline\" src=\"\/wp-content\/uploads\/2016\/06\/messe_2007_preview.jpg\" alt=\"Messe_2007\"><\/a><\/p>\n<h3><span>Weitere Unterst\u00fctzung<\/span><br \/><\/h3>\n<p>Um Gespr\u00e4che w\u00e4hrend der Messe m\u00f6glichst effektiv abzuwickeln, empfehlen wir Ihnen, folgende T\u00e4tigkeiten der Vor- und Nachbereitung Ihrer Messeteilnahme in Japan. Bei Fragen stehen wir Ihnen jederzeit zur Verfugung und leisten Hilfestellung.<\/p>\n<ol>\n<li>Marktrecherche (Marktvolumen, Preise, Konkurrenzsituation\uff09<\/li>\n<li>Erstellung von Brosch\u00fcren auf Japanisch bzw. Englisch (Webseite,Faltblatt, Pr\u00e4sentationsunterlagen\uff09<\/li>\n<li>Besichtigung von Betrieben und Produktionsst\u00e4tten in Japan.\n<\/li>\n<\/ol>\n<p>Bei Bedarf \u00fcbernehmen wir die Organisaton Ihrer Messeteilname von der Antragstellung bis zum Aufbau Ihres Standes.<\/p>\n<\/p>\n<h2><a title=\"Kontakt\" class=\"internal-link\" href=\"\/de\/kontakt\">Kontakt<\/a><\/h2>\n<p>ICH Industrieanlagen Consulting &amp; Handel GmbH, <br \/>Bleibtreustr. 6, 10623 Berlin, Germany <br \/>Tel.: +49(0)30-3100 7790, <br \/>E.mail: mail@ichconsult.de<\/p><\/p>\n","protected":false},"excerpt":{"rendered":"<p>Japan als Wirtschaftsstandort F\u00fcr europ\u00e4ische Firmen ist Japan als hoch entwickelter Wirtschaftsstandort besonders attraktiv. Das gilt vor allem f\u00fcr die Bereiche Umwelttechnologie, Robotik, Informations- und Kommunikationstechnologie, Automobilzulieferung, Bio- und Nanotechnologie, medizinische Versorgung und Lifestyle. Einige wichtige Messestandorte wie dieTokyo Big Sight und die Makuhari Messe im Gro\u00dfraum Tokio sowie die Intex Osaka bieten deutschen Unternehmen die passende Auftrittsm\u00f6glichkeit. Wir stellen Kontakt her Im Vorfeld der Messe machen wir Ihren Vorstellungen entsprechend potentielle Kunden ausfindig, um Gespr\u00e4che w\u00e4hrend der Messen anzubahnen und diese effektiv auszugestalten. Ablauf der Gesch\u00e4ftsanbahnung Zusammenstellung potentieller japanischer Gesch\u00e4ftspartner Ausarbeiten der gegenseitigen Interessenlage Terminabsprache mit den japanischen Unternehmen f\u00fcr Messegespr\u00e4che Hilfestellung am Messestand, Dolmetschen der Gespr\u00e4che Nachbreitung des Messenbesuches Weitere Unterst\u00fctzung Um Gespr\u00e4che w\u00e4hrend der Messe m\u00f6glichst effektiv abzuwickeln, empfehlen wir Ihnen, folgende T\u00e4tigkeiten der Vor- und Nachbereitung Ihrer Messeteilnahme in Japan. Bei Fragen stehen wir Ihnen jederzeit zur Verfugung und leisten Hilfestellung. Marktrecherche (Marktvolumen, Preise, Konkurrenzsituation\uff09 Erstellung von Brosch\u00fcren auf Japanisch bzw. Englisch (Webseite,Faltblatt, Pr\u00e4sentationsunterlagen\uff09 Besichtigung von Betrieben und Produktionsst\u00e4tten in Japan. Bei Bedarf \u00fcbernehmen wir die Organisaton Ihrer Messeteilname von der Antragstellung bis zum Aufbau Ihres Standes. Kontakt ICH Industrieanlagen Consulting &amp; Handel GmbH, Bleibtreustr. 6, 10623 Berlin, Germany Tel.: +49(0)30-3100 7790, E.mail: mail@ichconsult.de<\/p>\n","protected":false},"author":1,"featured_media":0,"parent":18,"menu_order":1,"comment_status":"closed","ping_status":"closed","template":"","meta":{"_acf_changed":false,"footnotes":""},"class_list":["post-38","page","type-page","status-publish","hentry"],"acf":[],"_links":{"self":[{"href":"https:\/\/www.ichconsult.de\/de\/wp-json\/wp\/v2\/pages\/38"}],"collection":[{"href":"https:\/\/www.ichconsult.de\/de\/wp-json\/wp\/v2\/pages"}],"about":[{"href":"https:\/\/www.ichconsult.de\/de\/wp-json\/wp\/v2\/types\/page"}],"author":[{"embeddable":true,"href":"https:\/\/www.ichconsult.de\/de\/wp-json\/wp\/v2\/users\/1"}],"replies":[{"embeddable":true,"href":"https:\/\/www.ichconsult.de\/de\/wp-json\/wp\/v2\/comments?post=38"}],"version-history":[{"count":5,"href":"https:\/\/www.ichconsult.de\/de\/wp-json\/wp\/v2\/pages\/38\/revisions"}],"predecessor-version":[{"id":204,"href":"https:\/\/www.ichconsult.de\/de\/wp-json\/wp\/v2\/pages\/38\/revisions\/204"}],"up":[{"embeddable":true,"href":"https:\/\/www.ichconsult.de\/de\/wp-json\/wp\/v2\/pages\/18"}],"wp:attachment":[{"href":"https:\/\/www.ichconsult.de\/de\/wp-json\/wp\/v2\/media?parent=38"}],"curies":[{"name":"wp","href":"https:\/\/api.w.org\/{rel}","templated":true}]}}